{"id":18,"date":"2021-06-05T03:53:19","date_gmt":"2021-06-05T03:53:19","guid":{"rendered":"https:\/\/casademaderamx.com\/?page_id=18"},"modified":"2025-05-25T14:34:53","modified_gmt":"2025-05-25T14:34:53","slug":"closets","status":"publish","type":"page","link":"https:\/\/casademaderamx.com\/index.php\/closets\/","title":{"rendered":"Closets"},"content":{"rendered":"<p>[et_pb_section fb_built=\u00bb1&#8243; custom_padding_last_edited=\u00bbon|phone\u00bb admin_label=\u00bbHeader\u00bb _builder_version=\u00bb4.9.4&#8243; use_background_color_gradient=\u00bbon\u00bb background_color_gradient_start=\u00bbrgba(0,0,0,0.5)\u00bb background_color_gradient_end=\u00bbrgba(0,0,0,0.5)\u00bb background_color_gradient_overlays_image=\u00bbon\u00bb background_image=\u00bbhttps:\/\/casademaderamx.com\/wp-content\/uploads\/2021\/06\/daniela-gisin-krumsick-SC8UVfz9O4g-unsplash.jpg\u00bb custom_padding=\u00bb||220px||false|false\u00bb custom_padding_tablet=\u00bb||220px||false|false\u00bb custom_padding_phone=\u00bb||200px||false|false\u00bb locked=\u00bboff\u00bb][et_pb_row _builder_version=\u00bb4.4.8&#8243;][et_pb_column type=\u00bb4_4&#8243; _builder_version=\u00bb4.4.8&#8243;][et_pb_text _builder_version=\u00bb4.9.4&#8243; header_font=\u00bbRubik|500|||||||\u00bb header_text_align=\u00bbcenter\u00bb header_font_size=\u00bb6vw\u00bb header_line_height=\u00bb1.1em\u00bb background_layout=\u00bbdark\u00bb header_font_size_tablet=\u00bb42px\u00bb header_font_size_phone=\u00bb36px\u00bb header_font_size_last_edited=\u00bbon|desktop\u00bb]<\/p>\n<h1>Closets<\/h1>\n<p>[\/et_pb_text][\/et_pb_column][\/et_pb_row][\/et_pb_section][et_pb_section fb_built=\u00bb1&#8243; admin_label=\u00bbOverview\u00bb _builder_version=\u00bb4.4.8&#8243; locked=\u00bboff\u00bb][et_pb_row make_equal=\u00bbon\u00bb _builder_version=\u00bb4.9.4&#8243; background_color=\u00bb#ffffff\u00bb custom_margin=\u00bb-220px||||false|false\u00bb custom_padding=\u00bb0px||0px||true|false\u00bb box_shadow_style=\u00bbpreset4&#8243; box_shadow_color=\u00bb#5C3D38&#8243;][et_pb_column type=\u00bb4_4&#8243; _builder_version=\u00bb4.9.4&#8243; custom_padding=\u00bb50px||50px||true|true\u00bb custom_padding_tablet=\u00bb40px|30px|40px|30px|true|true\u00bb custom_padding_phone=\u00bb|30px||30px|false|false\u00bb custom_padding_last_edited=\u00bbon|tablet\u00bb][et_pb_blurb image=\u00bbhttps:\/\/casademaderamx.com\/wp-content\/uploads\/2021\/06\/wardrobe.png\u00bb image_max_width=\u00bb17%\u00bb _builder_version=\u00bb4.9.6&#8243; body_font=\u00bbRubik|500|||||||\u00bb body_text_align=\u00bbjustify\u00bb body_text_color=\u00bb#000000&#8243; body_font_size=\u00bb19px\u00bb body_line_height=\u00bb1.8em\u00bb background_image=\u00bbhttps:\/\/casademaderamx.com\/wp-content\/uploads\/2021\/06\/OvalCafe.png\u00bb background_size=\u00bbinitial\u00bb background_position=\u00bbtop_center\u00bb position_origin_a=\u00bbtop_center\u00bb vertical_offset=\u00bb50px\u00bb custom_margin=\u00bb||||false|false\u00bb animation=\u00bboff\u00bb hover_enabled=\u00bb0&#8243; sticky_enabled=\u00bb0&#8243; header_font_size=\u00bb18px\u00bb header_letter_spacing=\u00bb3px\u00bb transform_scale_linked=\u00bboff\u00bb content_max_width=\u00bb900px\u00bb module_alignment=\u00bbcenter\u00bb]<\/p>\n<p>Un cl\u00f3set personalizado es un espacio que refleja tu estilo de vida, tu d\u00eda a d\u00eda y tu personalidad.<\/p>\n<p>Dise\u00f1arlo a medida te permite aprovechar cada cent\u00edmetro, organizar mejor tus prendas y accesorios, y vivir con m\u00e1s orden y comodidad.<\/p>\n<p>En Casa de Madera, combinamos funcionalidad, dise\u00f1o y calidad para crear cl\u00f3sets que se adaptan a ti: pr\u00e1cticos, duraderos y est\u00e9ticamente armoniosos.<\/p>\n<p>Porque empezar y terminar el d\u00eda en un espacio pensado para ti, marca la diferencia.<\/p>\n<p>[\/et_pb_blurb][\/et_pb_column][\/et_pb_row][\/et_pb_section][et_pb_section fb_built=\u00bb1&#8243; admin_label=\u00bbGallery\u00bb _builder_version=\u00bb4.9.4&#8243; background_enable_color=\u00bboff\u00bb][et_pb_row use_custom_gutter=\u00bbon\u00bb gutter_width=\u00bb2&#8243; _builder_version=\u00bb4.9.6&#8243; _module_preset=\u00bbdefault\u00bb width=\u00bb95%\u00bb max_width=\u00bb95%\u00bb][et_pb_column type=\u00bb4_4&#8243; _builder_version=\u00bb4.9.4&#8243; _module_preset=\u00bbdefault\u00bb][et_pb_gallery gallery_ids=\u00bb517,516,515,519,520,508,507,503,502,522,523,524,528,529,530,531,532,533,534,535,536,537,538,539,540,542,544,543,545,546,547,548,549,550,551,552,553,554,555&#8243; posts_number=\u00bb50&#8243; show_title_and_caption=\u00bboff\u00bb show_pagination=\u00bboff\u00bb zoom_icon_color=\u00bb#e2b05a\u00bb hover_icon=\u00bb%%15%%\u00bb _builder_version=\u00bb4.9.6&#8243; _module_preset=\u00bbdefault\u00bb hover_enabled=\u00bb0&#8243; border_color_bottom_image=\u00bb#eed09d\u00bb box_shadow_style_image=\u00bbpreset4&#8243; box_shadow_color_image=\u00bb#C08868&#8243; sticky_enabled=\u00bb0&#8243;][\/et_pb_gallery][\/et_pb_column][\/et_pb_row][\/et_pb_section]<\/p>\n","protected":false},"excerpt":{"rendered":"<p>ClosetsUn cl\u00f3set personalizado es un espacio que refleja tu estilo de vida, tu d\u00eda a d\u00eda y tu personalidad. Dise\u00f1arlo a medida te permite aprovechar cada cent\u00edmetro, organizar mejor tus prendas y accesorios, y vivir con m\u00e1s orden y comodidad. En Casa de Madera, combinamos funcionalidad, dise\u00f1o y calidad para crear cl\u00f3sets que se adaptan [&hellip;]<\/p>\n","protected":false},"author":1,"featured_media":0,"parent":0,"menu_order":0,"comment_status":"closed","ping_status":"closed","template":"","meta":{"_et_pb_use_builder":"on","_et_pb_old_content":"<!-- wp:divi\/placeholder \/-->","_et_gb_content_width":"","footnotes":""},"class_list":["post-18","page","type-page","status-publish","hentry"],"aioseo_notices":[],"_links":{"self":[{"href":"https:\/\/casademaderamx.com\/index.php\/wp-json\/wp\/v2\/pages\/18","targetHints":{"allow":["GET"]}}],"collection":[{"href":"https:\/\/casademaderamx.com\/index.php\/wp-json\/wp\/v2\/pages"}],"about":[{"href":"https:\/\/casademaderamx.com\/index.php\/wp-json\/wp\/v2\/types\/page"}],"author":[{"embeddable":true,"href":"https:\/\/casademaderamx.com\/index.php\/wp-json\/wp\/v2\/users\/1"}],"replies":[{"embeddable":true,"href":"https:\/\/casademaderamx.com\/index.php\/wp-json\/wp\/v2\/comments?post=18"}],"version-history":[{"count":11,"href":"https:\/\/casademaderamx.com\/index.php\/wp-json\/wp\/v2\/pages\/18\/revisions"}],"predecessor-version":[{"id":556,"href":"https:\/\/casademaderamx.com\/index.php\/wp-json\/wp\/v2\/pages\/18\/revisions\/556"}],"wp:attachment":[{"href":"https:\/\/casademaderamx.com\/index.php\/wp-json\/wp\/v2\/media?parent=18"}],"curies":[{"name":"wp","href":"https:\/\/api.w.org\/{rel}","templated":true}]}}